{"id":8,"date":"2020-08-18T05:58:42","date_gmt":"2020-08-18T03:58:42","guid":{"rendered":"http:\/\/alexist.cluster028.hosting.ovh.net\/?page_id=8"},"modified":"2023-01-30T19:50:43","modified_gmt":"2023-01-30T15:50:43","slug":"a-propos-de","status":"publish","type":"page","link":"https:\/\/alexisckb.re\/index.php\/a-propos-de\/","title":{"rendered":"\u00c0 propos de"},"content":{"rendered":"\t\t<div data-elementor-type=\"wp-page\" data-elementor-id=\"8\" class=\"elementor elementor-8\">\n\t\t\t\t\t\t<section class=\"elementor-section elementor-top-section elementor-element elementor-element-cb147b1 elementor-section-full_width elementor-section-height-default elementor-section-height-default\" data-id=\"cb147b1\" data-element_type=\"section\" data-settings=\"{&quot;background_background&quot;:&quot;gradient&quot;}\">\n\t\t\t\t\t\t\t<div class=\"elementor-background-overlay\"><\/div>\n\t\t\t\t\t\t\t<div class=\"elementor-container elementor-column-gap-wide\">\n\t\t\t\t\t<aside class=\"elementor-column elementor-col-100 elementor-top-column elementor-element elementor-element-9792b6d\" data-id=\"9792b6d\" data-element_type=\"column\">\n\t\t\t<div class=\"elementor-widget-wrap elementor-element-populated\">\n\t\t\t\t\t\t<div class=\"elementor-element elementor-element-b1934dd animated-slow elementor-invisible elementor-widget elementor-widget-text-editor\" data-id=\"b1934dd\" data-element_type=\"widget\" data-settings=\"{&quot;_animation&quot;:&quot;fadeInUp&quot;}\" data-widget_type=\"text-editor.default\">\n\t\t\t\t<div class=\"elementor-widget-container\">\n\t\t\t\t\t\t\t\t\t<p>\u00c0 PROPOS<\/p>\t\t\t\t\t\t\t\t<\/div>\n\t\t\t\t<\/div>\n\t\t\t\t\t<\/div>\n\t\t<\/aside>\n\t\t\t\t\t<\/div>\n\t\t<\/section>\n\t\t\t\t<section class=\"elementor-section elementor-top-section elementor-element elementor-element-3be090c elementor-section-full_width elementor-section-height-full elementor-section-items-top elementor-section-content-middle elementor-section-stretched elementor-section-height-default\" data-id=\"3be090c\" data-element_type=\"section\" data-settings=\"{&quot;stretch_section&quot;:&quot;section-stretched&quot;,&quot;background_background&quot;:&quot;classic&quot;}\">\n\t\t\t\t\t\t\t<div class=\"elementor-background-overlay\"><\/div>\n\t\t\t\t\t\t\t<div class=\"elementor-container elementor-column-gap-no\">\n\t\t\t\t\t<div class=\"elementor-column elementor-col-100 elementor-top-column elementor-element elementor-element-4415e14\" data-id=\"4415e14\" data-element_type=\"column\">\n\t\t\t<div class=\"elementor-widget-wrap elementor-element-populated\">\n\t\t\t\t\t\t<div class=\"elementor-element elementor-element-6c0d0eb elementor-widget elementor-widget-heading\" data-id=\"6c0d0eb\" data-element_type=\"widget\" data-widget_type=\"heading.default\">\n\t\t\t\t<div class=\"elementor-widget-container\">\n\t\t\t\t\t<h4 class=\"elementor-heading-title elementor-size-default\">Alexis CHANE-KAYE-BONE<\/h4>\t\t\t\t<\/div>\n\t\t\t\t<\/div>\n\t\t\t\t<div class=\"elementor-element elementor-element-688e56e elementor-widget elementor-widget-text-editor\" data-id=\"688e56e\" data-element_type=\"widget\" data-widget_type=\"text-editor.default\">\n\t\t\t\t<div class=\"elementor-widget-container\">\n\t\t\t\t\t\t\t\t\t<p><strong>Mon parcours et mes \u00e9tudes me permettent d&rsquo;assurer la direction artistique et la gestion de projets digitaux tout en restant ex\u00e9cutant cr\u00e9atif.<\/strong>\u00a0<\/p>\t\t\t\t\t\t\t\t<\/div>\n\t\t\t\t<\/div>\n\t\t\t\t<div class=\"elementor-element elementor-element-2fae561 elementor-widget-divider--view-line elementor-widget elementor-widget-divider\" data-id=\"2fae561\" data-element_type=\"widget\" data-widget_type=\"divider.default\">\n\t\t\t\t<div class=\"elementor-widget-container\">\n\t\t\t\t\t\t\t<div class=\"elementor-divider\">\n\t\t\t<span class=\"elementor-divider-separator\">\n\t\t\t\t\t\t<\/span>\n\t\t<\/div>\n\t\t\t\t\t\t<\/div>\n\t\t\t\t<\/div>\n\t\t\t\t<div class=\"elementor-element elementor-element-d1709a2 elementor-widget elementor-widget-text-editor\" data-id=\"d1709a2\" data-element_type=\"widget\" data-widget_type=\"text-editor.default\">\n\t\t\t\t<div class=\"elementor-widget-container\">\n\t\t\t\t\t\t\t\t\t<p>Depuis 2019 je me positionne en tant que consultant mais aussi op\u00e9rationnel sur vos projets. En effet les 8 ann\u00e9es d\u2019exp\u00e9riences cumul\u00e9es avec un <strong>Master en Cr\u00e9ation Digitale et Nouveaux M\u00e9dias<\/strong> \u00e0 <a href=\"http:\/\/www.iloi.fr\/\">l\u2019Institut de l\u2019Image de l\u2019Oc\u00e9an Indien (ILOI)<\/a> ainsi que en <strong>Information et Communication<\/strong> \u00e0 <a href=\"https:\/\/ejcam.univ-amu.fr\/fr\">l&rsquo;Ecole de Journalisme et de Communication Aix-Marseille (EJCAM)<\/a>, j&rsquo;ai su guider et mener \u00e0 bien les projets qui m&rsquo;ont \u00e9t\u00e9 confi\u00e9s. Des projets complets ou des missions sp\u00e9cifiques de mon domaine d\u2019expertise \u00e0 savoir:<\/p><ul><li><strong>Le branding:<\/strong> cr\u00e9ation de l&rsquo;identit\u00e9 visuelle, naming (logo, carte de visite, \u00e9l\u00e9ments graphiques,etc.)<\/li><li><strong>L\u2019UI design:<\/strong> design d&rsquo;interface homme-machine (applications, sites,etc.)<\/li><li><strong>Le design \u00e9ditorial:<\/strong> la mise en page de documents (flyers, livret, magasines,etc.).<\/li><li><strong>Le motion design:<\/strong> l&rsquo;animation d&rsquo;\u00e9l\u00e9ments graphiques vectoriels. (personnage, texte, logo,etc.).<\/li><li><strong>L&rsquo;illustration:<\/strong> le dessin traditionnel sur plusieurs supports ou vectoriel.<\/li><\/ul>\t\t\t\t\t\t\t\t<\/div>\n\t\t\t\t<\/div>\n\t\t\t\t\t<\/div>\n\t\t<\/div>\n\t\t\t\t\t<\/div>\n\t\t<\/section>\n\t\t\t\t<section class=\"elementor-section elementor-top-section elementor-element elementor-element-134c678 elementor-section-content-middle elementor-section-stretched elementor-section-full_width elementor-section-height-default elementor-section-height-default\" data-id=\"134c678\" data-element_type=\"section\" data-settings=\"{&quot;stretch_section&quot;:&quot;section-stretched&quot;,&quot;background_background&quot;:&quot;classic&quot;}\">\n\t\t\t\t\t\t\t<div class=\"elementor-background-overlay\"><\/div>\n\t\t\t\t\t\t\t<div class=\"elementor-container elementor-column-gap-default\">\n\t\t\t\t\t<div class=\"elementor-column elementor-col-100 elementor-top-column elementor-element elementor-element-154ff8b\" data-id=\"154ff8b\" data-element_type=\"column\">\n\t\t\t<div class=\"elementor-widget-wrap elementor-element-populated\">\n\t\t\t\t\t\t<div class=\"elementor-element elementor-element-b27125a elementor-widget elementor-widget-heading\" data-id=\"b27125a\" data-element_type=\"widget\" data-widget_type=\"heading.default\">\n\t\t\t\t<div class=\"elementor-widget-container\">\n\t\t\t\t\t<h2 class=\"elementor-heading-title elementor-size-large\">Mon travail et mes valeurs<\/h2>\t\t\t\t<\/div>\n\t\t\t\t<\/div>\n\t\t\t\t<div class=\"elementor-element elementor-element-48166d1 elementor-widget elementor-widget-text-editor\" data-id=\"48166d1\" data-element_type=\"widget\" data-widget_type=\"text-editor.default\">\n\t\t\t\t<div class=\"elementor-widget-container\">\n\t\t\t\t\t\t\t\t\t<p>Que ce soit pour la cr\u00e9ation de logo, de design \u00e9ditorial et autres \u00e9l\u00e9ments visuel d&rsquo;une marque ou d&rsquo;un produit, chaque rendu doit apporter ou insuffler l&rsquo;information et le sens recherch\u00e9 par vos parties prenantes.<\/p><p>Mon travail consiste \u00e0 <strong>concevoir du sens dans votre communication ou votre identit\u00e9.\u00a0<\/strong>Tout en d\u00e9fendant ces 4 principes :<\/p><ul><li><b>Le respect :<\/b><span style=\"font-weight: 300;\"> je mets un point d\u2019honneur \u00e0 fournir le travail attendu dans le respect des d\u00e9lais.<\/span><\/li><li><b>L\u2019\u00e9change :<\/b><span style=\"font-weight: 300;\"> toujours \u00e0 l\u2019\u00e9coute pour vous fournir une prestation fid\u00e8le \u00e0 vos attentes.<\/span><\/li><li><b>La qualite\u0301 :<\/b><span style=\"font-weight: 300;\"> mettre en oeuvre mon expertise en vous apportant un travail de qualite\u0301 et unique.<\/span><\/li><li><b>La bienveillance :<\/b><span style=\"font-weight: 300;\"> j&rsquo;assure toujours un devoir de conseil pour que vous ayez tous les atouts en mains.<\/span><\/li><\/ul>\t\t\t\t\t\t\t\t<\/div>\n\t\t\t\t<\/div>\n\t\t\t\t\t<\/div>\n\t\t<\/div>\n\t\t\t\t\t<\/div>\n\t\t<\/section>\n\t\t\t\t<section class=\"elementor-section elementor-top-section elementor-element elementor-element-59e4233 elementor-section-content-middle elementor-section-stretched elementor-section-full_width elementor-section-height-default elementor-section-height-default\" data-id=\"59e4233\" data-element_type=\"section\" data-settings=\"{&quot;stretch_section&quot;:&quot;section-stretched&quot;}\">\n\t\t\t\t\t\t\t<div class=\"elementor-background-overlay\"><\/div>\n\t\t\t\t\t\t\t<div class=\"elementor-container elementor-column-gap-no\">\n\t\t\t\t\t<div class=\"elementor-column elementor-col-100 elementor-top-column elementor-element elementor-element-9e87f3f\" data-id=\"9e87f3f\" data-element_type=\"column\">\n\t\t\t<div class=\"elementor-widget-wrap elementor-element-populated\">\n\t\t\t\t\t\t<div class=\"elementor-element elementor-element-c1f7704 elementor-widget elementor-widget-heading\" data-id=\"c1f7704\" data-element_type=\"widget\" data-widget_type=\"heading.default\">\n\t\t\t\t<div class=\"elementor-widget-container\">\n\t\t\t\t\t<h2 class=\"elementor-heading-title elementor-size-large\">Pour qui ?<\/h2>\t\t\t\t<\/div>\n\t\t\t\t<\/div>\n\t\t\t\t<div class=\"elementor-element elementor-element-deba84f elementor-widget elementor-widget-text-editor\" data-id=\"deba84f\" data-element_type=\"widget\" data-widget_type=\"text-editor.default\">\n\t\t\t\t<div class=\"elementor-widget-container\">\n\t\t\t\t\t\t\t\t\t<p><strong>Entrepreneurs, artisans, porteur de projet, TPE, PME,<\/strong>\u00a0je propose de mettre mes comp\u00e9tences<span style=\"font-size: inherit;\"> \u00e0 votre disposition.<\/span><\/p>\t\t\t\t\t\t\t\t<\/div>\n\t\t\t\t<\/div>\n\t\t\t\t\t<\/div>\n\t\t<\/div>\n\t\t\t\t\t<\/div>\n\t\t<\/section>\n\t\t\t\t<section class=\"elementor-section elementor-top-section elementor-element elementor-element-2d950b4 elementor-section-full_width elementor-section-content-middle elementor-section-stretched elementor-section-height-default elementor-section-height-default\" data-id=\"2d950b4\" data-element_type=\"section\" data-settings=\"{&quot;background_background&quot;:&quot;classic&quot;,&quot;stretch_section&quot;:&quot;section-stretched&quot;}\">\n\t\t\t\t\t\t\t<div class=\"elementor-background-overlay\"><\/div>\n\t\t\t\t\t\t\t<div class=\"elementor-container elementor-column-gap-default\">\n\t\t\t\t\t<div class=\"elementor-column elementor-col-50 elementor-top-column elementor-element elementor-element-53dd8ec\" data-id=\"53dd8ec\" data-element_type=\"column\">\n\t\t\t<div class=\"elementor-widget-wrap elementor-element-populated\">\n\t\t\t\t\t\t<div class=\"elementor-element elementor-element-6ca966c elementor-widget elementor-widget-text-editor\" data-id=\"6ca966c\" data-element_type=\"widget\" data-widget_type=\"text-editor.default\">\n\t\t\t\t<div class=\"elementor-widget-container\">\n\t\t\t\t\t\t\t\t\t<p><strong>En collaborant avec moi, vous choisissez un travail se\u0301rieux, expe\u0301rimente\u0301, flexible qui donnera du sens \u00e0 votre projet.<\/strong><\/p>\t\t\t\t\t\t\t\t<\/div>\n\t\t\t\t<\/div>\n\t\t\t\t\t<\/div>\n\t\t<\/div>\n\t\t\t\t<div class=\"elementor-column elementor-col-50 elementor-top-column elementor-element elementor-element-8759a7b\" data-id=\"8759a7b\" data-element_type=\"column\">\n\t\t\t<div class=\"elementor-widget-wrap elementor-element-populated\">\n\t\t\t\t\t\t<div class=\"elementor-element elementor-element-7da6572 elementor-align-center elementor-invisible elementor-widget elementor-widget-button\" data-id=\"7da6572\" data-element_type=\"widget\" data-settings=\"{&quot;_animation&quot;:&quot;fadeIn&quot;}\" data-widget_type=\"button.default\">\n\t\t\t\t<div class=\"elementor-widget-container\">\n\t\t\t\t\t\t\t\t\t<div class=\"elementor-button-wrapper\">\n\t\t\t\t\t<a class=\"elementor-button elementor-button-link elementor-size-sm elementor-animation-grow\" href=\"http:\/\/alexisckb.re\/index.php\/contact\/\">\n\t\t\t\t\t\t<span class=\"elementor-button-content-wrapper\">\n\t\t\t\t\t\t<span class=\"elementor-button-icon\">\n\t\t\t\t<i aria-hidden=\"true\" class=\"fas fa-paper-plane\"><\/i>\t\t\t<\/span>\n\t\t\t\t\t\t\t\t\t<span class=\"elementor-button-text\">CONTACTEZ MOI<\/span>\n\t\t\t\t\t<\/span>\n\t\t\t\t\t<\/a>\n\t\t\t\t<\/div>\n\t\t\t\t\t\t\t\t<\/div>\n\t\t\t\t<\/div>\n\t\t\t\t\t<\/div>\n\t\t<\/div>\n\t\t\t\t\t<\/div>\n\t\t<\/section>\n\t\t\t\t<section class=\"elementor-section elementor-top-section elementor-element elementor-element-05aa945 elementor-section-full_width elementor-section-height-full elementor-section-items-stretch elementor-section-content-middle elementor-section-stretched elementor-section-height-default\" data-id=\"05aa945\" data-element_type=\"section\" data-settings=\"{&quot;stretch_section&quot;:&quot;section-stretched&quot;,&quot;background_background&quot;:&quot;gradient&quot;}\">\n\t\t\t\t\t\t\t<div class=\"elementor-background-overlay\"><\/div>\n\t\t\t\t\t\t\t<div class=\"elementor-container elementor-column-gap-default\">\n\t\t\t\t\t<section class=\"elementor-column elementor-col-100 elementor-top-column elementor-element elementor-element-2912836\" data-id=\"2912836\" data-element_type=\"column\">\n\t\t\t<div class=\"elementor-widget-wrap elementor-element-populated\">\n\t\t\t\t\t<div class=\"elementor-background-overlay\"><\/div>\n\t\t\t\t\t\t<div class=\"elementor-element elementor-element-022d6c5 elementor-hidden-mobile elementor-widget elementor-widget-heading\" data-id=\"022d6c5\" data-element_type=\"widget\" data-widget_type=\"heading.default\">\n\t\t\t\t<div class=\"elementor-widget-container\">\n\t\t\t\t\t<h4 class=\"elementor-heading-title elementor-size-small\">Voir les<\/h4>\t\t\t\t<\/div>\n\t\t\t\t<\/div>\n\t\t\t\t<div class=\"elementor-element elementor-element-aa5e3b0 animated-slow elementor-invisible elementor-widget elementor-widget-heading\" data-id=\"aa5e3b0\" data-element_type=\"widget\" data-settings=\"{&quot;_animation&quot;:&quot;fadeIn&quot;}\" data-widget_type=\"heading.default\">\n\t\t\t\t<div class=\"elementor-widget-container\">\n\t\t\t\t\t<h3 class=\"elementor-heading-title elementor-size-xxl\">PROJETS R\u00c9ALIS\u00c9S<\/h3>\t\t\t\t<\/div>\n\t\t\t\t<\/div>\n\t\t\t\t<div class=\"elementor-element elementor-element-6c36fb8 elementor-widget elementor-widget-text-editor\" data-id=\"6c36fb8\" data-element_type=\"widget\" data-widget_type=\"text-editor.default\">\n\t\t\t\t<div class=\"elementor-widget-container\">\n\t\t\t\t\t\t\t\t\t<p><span style=\"font-weight: 400;\"><strong>D\u00e9couvrez un ensemble de projets en branding, en motion design, en design \u00e9ditorial et autres<\/strong>, sur lesquels j&rsquo;ai pu collaborer en apportant un suivi et des conseils autour de mon domaine d&rsquo;expertise.<\/span><\/p>\t\t\t\t\t\t\t\t<\/div>\n\t\t\t\t<\/div>\n\t\t\t\t<section class=\"elementor-section elementor-inner-section elementor-element elementor-element-ba40ecf elementor-section-content-middle elementor-section-boxed elementor-section-height-default elementor-section-height-default\" data-id=\"ba40ecf\" data-element_type=\"section\">\n\t\t\t\t\t\t<div class=\"elementor-container elementor-column-gap-default\">\n\t\t\t\t\t<div class=\"elementor-column elementor-col-100 elementor-inner-column elementor-element elementor-element-497d0f3\" data-id=\"497d0f3\" data-element_type=\"column\">\n\t\t\t<div class=\"elementor-widget-wrap elementor-element-populated\">\n\t\t\t\t\t\t<div class=\"elementor-element elementor-element-7c26951 elementor-align-center elementor-invisible elementor-widget elementor-widget-button\" data-id=\"7c26951\" data-element_type=\"widget\" data-settings=\"{&quot;_animation&quot;:&quot;fadeIn&quot;}\" data-widget_type=\"button.default\">\n\t\t\t\t<div class=\"elementor-widget-container\">\n\t\t\t\t\t\t\t\t\t<div class=\"elementor-button-wrapper\">\n\t\t\t\t\t<a class=\"elementor-button elementor-button-link elementor-size-sm elementor-animation-grow\" href=\"https:\/\/alexisckb.re\/index.php\/collab\/\">\n\t\t\t\t\t\t<span class=\"elementor-button-content-wrapper\">\n\t\t\t\t\t\t<span class=\"elementor-button-icon\">\n\t\t\t\t<i aria-hidden=\"true\" class=\"far fa-eye\"><\/i>\t\t\t<\/span>\n\t\t\t\t\t\t\t\t\t<span class=\"elementor-button-text\">voir les projets<\/span>\n\t\t\t\t\t<\/span>\n\t\t\t\t\t<\/a>\n\t\t\t\t<\/div>\n\t\t\t\t\t\t\t\t<\/div>\n\t\t\t\t<\/div>\n\t\t\t\t\t<\/div>\n\t\t<\/div>\n\t\t\t\t\t<\/div>\n\t\t<\/section>\n\t\t\t\t\t<\/div>\n\t\t<\/section>\n\t\t\t\t\t<\/div>\n\t\t<\/section>\n\t\t\t\t<\/div>\n\t\t","protected":false},"excerpt":{"rendered":"<p>\u00c0 PROPOS Alexis CHANE-KAYE-BONE Mon parcours et mes \u00e9tudes me permettent d&rsquo;assurer la direction artistique et la gestion de projets digitaux tout en restant ex\u00e9cutant cr\u00e9atif.\u00a0 Depuis 2019 je me positionne en tant que consultant mais aussi op\u00e9rationnel sur vos projets. En effet les 8 ann\u00e9es d\u2019exp\u00e9riences cumul\u00e9es avec un [&hellip;]<\/p>\n","protected":false},"author":1,"featured_media":0,"parent":0,"menu_order":0,"comment_status":"closed","ping_status":"closed","template":"page-templates\/template-pagebuilder-full-width.php","meta":{"footnotes":""},"class_list":["post-8","page","type-page","status-publish","hentry"],"yoast_head":"<!-- This site is optimized with the Yoast SEO plugin v26.6 - https:\/\/yoast.com\/wordpress\/plugins\/seo\/ -->\n<title>\u00c0 propos de - Alexis CKB<\/title>\n<meta name=\"robots\" content=\"index, follow, max-snippet:-1, max-image-preview:large, max-video-preview:-1\" \/>\n<link rel=\"canonical\" href=\"https:\/\/alexisckb.re\/index.php\/a-propos-de\/\" \/>\n<meta property=\"og:locale\" content=\"fr_FR\" \/>\n<meta property=\"og:type\" content=\"article\" \/>\n<meta property=\"og:title\" content=\"\u00c0 propos de - Alexis CKB\" \/>\n<meta property=\"og:description\" content=\"\u00c0 PROPOS Alexis CHANE-KAYE-BONE Mon parcours et mes \u00e9tudes me permettent d&rsquo;assurer la direction artistique et la gestion de projets digitaux tout en restant ex\u00e9cutant cr\u00e9atif.\u00a0 Depuis 2019 je me positionne en tant que consultant mais aussi op\u00e9rationnel sur vos projets. En effet les 8 ann\u00e9es d\u2019exp\u00e9riences cumul\u00e9es avec un [&hellip;]\" \/>\n<meta property=\"og:url\" content=\"https:\/\/alexisckb.re\/index.php\/a-propos-de\/\" \/>\n<meta property=\"og:site_name\" content=\"Alexis CKB\" \/>\n<meta property=\"article:modified_time\" content=\"2023-01-30T15:50:43+00:00\" \/>\n<meta name=\"twitter:card\" content=\"summary_large_image\" \/>\n<meta name=\"twitter:label1\" content=\"Dur\u00e9e de lecture estim\u00e9e\" \/>\n\t<meta name=\"twitter:data1\" content=\"2 minutes\" \/>\n<script type=\"application\/ld+json\" class=\"yoast-schema-graph\">{\"@context\":\"https:\/\/schema.org\",\"@graph\":[{\"@type\":\"WebPage\",\"@id\":\"https:\/\/alexisckb.re\/index.php\/a-propos-de\/\",\"url\":\"https:\/\/alexisckb.re\/index.php\/a-propos-de\/\",\"name\":\"\u00c0 propos de - Alexis CKB\",\"isPartOf\":{\"@id\":\"https:\/\/alexisckb.re\/#website\"},\"datePublished\":\"2020-08-18T03:58:42+00:00\",\"dateModified\":\"2023-01-30T15:50:43+00:00\",\"breadcrumb\":{\"@id\":\"https:\/\/alexisckb.re\/index.php\/a-propos-de\/#breadcrumb\"},\"inLanguage\":\"fr-FR\",\"potentialAction\":[{\"@type\":\"ReadAction\",\"target\":[\"https:\/\/alexisckb.re\/index.php\/a-propos-de\/\"]}]},{\"@type\":\"BreadcrumbList\",\"@id\":\"https:\/\/alexisckb.re\/index.php\/a-propos-de\/#breadcrumb\",\"itemListElement\":[{\"@type\":\"ListItem\",\"position\":1,\"name\":\"Accueil\",\"item\":\"https:\/\/alexisckb.re\/\"},{\"@type\":\"ListItem\",\"position\":2,\"name\":\"\u00c0 propos de\"}]},{\"@type\":\"WebSite\",\"@id\":\"https:\/\/alexisckb.re\/#website\",\"url\":\"https:\/\/alexisckb.re\/\",\"name\":\"Alexis CKB\",\"description\":\"Digital &amp; Print Designer\",\"publisher\":{\"@id\":\"https:\/\/alexisckb.re\/#organization\"},\"potentialAction\":[{\"@type\":\"SearchAction\",\"target\":{\"@type\":\"EntryPoint\",\"urlTemplate\":\"https:\/\/alexisckb.re\/?s={search_term_string}\"},\"query-input\":{\"@type\":\"PropertyValueSpecification\",\"valueRequired\":true,\"valueName\":\"search_term_string\"}}],\"inLanguage\":\"fr-FR\"},{\"@type\":\"Organization\",\"@id\":\"https:\/\/alexisckb.re\/#organization\",\"name\":\"Alexis CKB\",\"url\":\"https:\/\/alexisckb.re\/\",\"logo\":{\"@type\":\"ImageObject\",\"inLanguage\":\"fr-FR\",\"@id\":\"https:\/\/alexisckb.re\/#\/schema\/logo\/image\/\",\"url\":\"https:\/\/alexisckb.re\/wp-content\/uploads\/2021\/12\/logo_alexisckb.png\",\"contentUrl\":\"https:\/\/alexisckb.re\/wp-content\/uploads\/2021\/12\/logo_alexisckb.png\",\"width\":150,\"height\":101,\"caption\":\"Alexis CKB\"},\"image\":{\"@id\":\"https:\/\/alexisckb.re\/#\/schema\/logo\/image\/\"}}]}<\/script>\n<!-- \/ Yoast SEO plugin. -->","yoast_head_json":{"title":"\u00c0 propos de - Alexis CKB","robots":{"index":"index","follow":"follow","max-snippet":"max-snippet:-1","max-image-preview":"max-image-preview:large","max-video-preview":"max-video-preview:-1"},"canonical":"https:\/\/alexisckb.re\/index.php\/a-propos-de\/","og_locale":"fr_FR","og_type":"article","og_title":"\u00c0 propos de - Alexis CKB","og_description":"\u00c0 PROPOS Alexis CHANE-KAYE-BONE Mon parcours et mes \u00e9tudes me permettent d&rsquo;assurer la direction artistique et la gestion de projets digitaux tout en restant ex\u00e9cutant cr\u00e9atif.\u00a0 Depuis 2019 je me positionne en tant que consultant mais aussi op\u00e9rationnel sur vos projets. En effet les 8 ann\u00e9es d\u2019exp\u00e9riences cumul\u00e9es avec un [&hellip;]","og_url":"https:\/\/alexisckb.re\/index.php\/a-propos-de\/","og_site_name":"Alexis CKB","article_modified_time":"2023-01-30T15:50:43+00:00","twitter_card":"summary_large_image","twitter_misc":{"Dur\u00e9e de lecture estim\u00e9e":"2 minutes"},"schema":{"@context":"https:\/\/schema.org","@graph":[{"@type":"WebPage","@id":"https:\/\/alexisckb.re\/index.php\/a-propos-de\/","url":"https:\/\/alexisckb.re\/index.php\/a-propos-de\/","name":"\u00c0 propos de - Alexis CKB","isPartOf":{"@id":"https:\/\/alexisckb.re\/#website"},"datePublished":"2020-08-18T03:58:42+00:00","dateModified":"2023-01-30T15:50:43+00:00","breadcrumb":{"@id":"https:\/\/alexisckb.re\/index.php\/a-propos-de\/#breadcrumb"},"inLanguage":"fr-FR","potentialAction":[{"@type":"ReadAction","target":["https:\/\/alexisckb.re\/index.php\/a-propos-de\/"]}]},{"@type":"BreadcrumbList","@id":"https:\/\/alexisckb.re\/index.php\/a-propos-de\/#breadcrumb","itemListElement":[{"@type":"ListItem","position":1,"name":"Accueil","item":"https:\/\/alexisckb.re\/"},{"@type":"ListItem","position":2,"name":"\u00c0 propos de"}]},{"@type":"WebSite","@id":"https:\/\/alexisckb.re\/#website","url":"https:\/\/alexisckb.re\/","name":"Alexis CKB","description":"Digital &amp; Print Designer","publisher":{"@id":"https:\/\/alexisckb.re\/#organization"},"potentialAction":[{"@type":"SearchAction","target":{"@type":"EntryPoint","urlTemplate":"https:\/\/alexisckb.re\/?s={search_term_string}"},"query-input":{"@type":"PropertyValueSpecification","valueRequired":true,"valueName":"search_term_string"}}],"inLanguage":"fr-FR"},{"@type":"Organization","@id":"https:\/\/alexisckb.re\/#organization","name":"Alexis CKB","url":"https:\/\/alexisckb.re\/","logo":{"@type":"ImageObject","inLanguage":"fr-FR","@id":"https:\/\/alexisckb.re\/#\/schema\/logo\/image\/","url":"https:\/\/alexisckb.re\/wp-content\/uploads\/2021\/12\/logo_alexisckb.png","contentUrl":"https:\/\/alexisckb.re\/wp-content\/uploads\/2021\/12\/logo_alexisckb.png","width":150,"height":101,"caption":"Alexis CKB"},"image":{"@id":"https:\/\/alexisckb.re\/#\/schema\/logo\/image\/"}}]}},"jetpack_sharing_enabled":true,"_links":{"self":[{"href":"https:\/\/alexisckb.re\/index.php\/wp-json\/wp\/v2\/pages\/8","targetHints":{"allow":["GET"]}}],"collection":[{"href":"https:\/\/alexisckb.re\/index.php\/wp-json\/wp\/v2\/pages"}],"about":[{"href":"https:\/\/alexisckb.re\/index.php\/wp-json\/wp\/v2\/types\/page"}],"author":[{"embeddable":true,"href":"https:\/\/alexisckb.re\/index.php\/wp-json\/wp\/v2\/users\/1"}],"replies":[{"embeddable":true,"href":"https:\/\/alexisckb.re\/index.php\/wp-json\/wp\/v2\/comments?post=8"}],"version-history":[{"count":168,"href":"https:\/\/alexisckb.re\/index.php\/wp-json\/wp\/v2\/pages\/8\/revisions"}],"predecessor-version":[{"id":168380,"href":"https:\/\/alexisckb.re\/index.php\/wp-json\/wp\/v2\/pages\/8\/revisions\/168380"}],"wp:attachment":[{"href":"https:\/\/alexisckb.re\/index.php\/wp-json\/wp\/v2\/media?parent=8"}],"curies":[{"name":"wp","href":"https:\/\/api.w.org\/{rel}","templated":true}]}}